{"id":1253,"date":"2018-06-12T14:10:25","date_gmt":"2018-06-12T12:10:25","guid":{"rendered":"https:\/\/nuovo.emotionevents.it\/chi-siamo\/"},"modified":"2023-10-13T08:57:23","modified_gmt":"2023-10-13T06:57:23","slug":"ueber-uns","status":"publish","type":"page","link":"https:\/\/www.emotionevents.it\/de\/ueber-uns\/","title":{"rendered":"\u00dcber uns"},"content":{"rendered":"<div class=\"wpb-content-wrapper\"><p>[vc_row css_animation=&#8220;&#8220; row_type=&#8220;row&#8220; use_row_as_full_screen_section=&#8220;no&#8220; type=&#8220;full_width&#8220; angled_section=&#8220;no&#8220; text_align=&#8220;left&#8220; background_image_as_pattern=&#8220;without_pattern&#8220; padding_top=&#8220;40&#8243; z_index=&#8220;&#8220;][vc_column width=&#8220;1\/2&#8243;][qode_elements_holder number_of_columns=&#8220;one_column&#8220;][qode_elements_holder_item advanced_animations=&#8220;no&#8220; item_padding=&#8220;40px 0 0 35%&#8220; item_padding_480=&#8220;0 30px 0 30px&#8220;][vc_single_image image=&#8220;538&#8243; img_size=&#8220;full&#8220; qode_css_animation=&#8220;&#8220;][\/qode_elements_holder_item][\/qode_elements_holder][\/vc_column][vc_column width=&#8220;1\/2&#8243;][vc_single_image image=&#8220;814&#8243; img_size=&#8220;full&#8220; alignment=&#8220;right&#8220; qode_css_animation=&#8220;&#8220;][\/vc_column][\/vc_row][vc_row css_animation=&#8220;&#8220; row_type=&#8220;row&#8220; use_row_as_full_screen_section=&#8220;no&#8220; type=&#8220;grid&#8220; angled_section=&#8220;no&#8220; text_align=&#8220;left&#8220; background_image_as_pattern=&#8220;without_pattern&#8220; z_index=&#8220;&#8220; padding_bottom=&#8220;40&#8243;][vc_column width=&#8220;5\/12&#8243;][\/vc_column][vc_column css=&#8220;.vc_custom_1528879560527{margin-top: -105% !important;}&#8220; offset=&#8220;vc_col-lg-7 vc_col-md-7&#8243; el_class=&#8220;qode-disable-margin&#8220;][qode_elements_holder number_of_columns=&#8220;one_column&#8220;][qode_elements_holder_item advanced_animations=&#8220;no&#8220; background_image=&#8220;166&#8243; item_padding=&#8220;84px 100px 84px 102px&#8220; item_padding_768_1024=&#8220;30px 28px 30px 51px&#8220; item_padding_600_768=&#8220;44px 50px 64px 52px&#8220; item_padding_480_600=&#8220;30px 8px 30px 8px&#8220; item_padding_480=&#8220;30px 20px 30px 20px&#8220; custom_class=&#8220;qode-eh-with-background&#8220;][vc_column_text]<\/p>\n<h2>Viel mehr als nur ein Catering&#8230;<\/h2>\n<p>[\/vc_column_text][vc_empty_space height=&#8220;22px&#8220;][vc_single_image image=&#8220;147&#8243; img_size=&#8220;full&#8220; qode_css_animation=&#8220;&#8220;][vc_empty_space height=&#8220;22px&#8220;][vc_column_text]Wir sind ein starker und zuverl\u00e4ssiger Partner: ein S\u00fcdtiroler Catering- &amp; Eventunternehmen, das in jeder Hinsicht durch Perfektion und Qualit\u00e4t besticht. Wir arbeiten mit frischen, regionalen oder lokalen Produkten und ausgesuchten Erzeugnissen von h\u00f6chster Qualit\u00e4t und bieten eine abwechslungsreiche Speisenauswahl, die Organisation aller Veranstaltungsphasen und ein attraktives Preis-Leistungs-Verh\u00e4ltnis. Und last but not least: Wir gehen stets auf die W\u00fcnsche unserer Kunden ein und kr\u00f6nen so den Erfolg unserer Veranstaltungen.<\/p>\n<p>Frische Ideen, Begeisterung und Engagement sind unsere St\u00e4rke und das Streben nach neuen Herausforderungen unser Ziel. Unsere zweisprachigen und speziell ausgebildeten Mitarbeiter \u00fcberzeugen durch Professionalit\u00e4t, H\u00f6flichkeit und Leidenschaft f\u00fcr ihre Arbeit &#8211; eine verbl\u00fcffende Kombination.[\/vc_column_text][\/qode_elements_holder_item][\/qode_elements_holder][\/vc_column][\/vc_row][vc_row css_animation=&#8220;&#8220; row_type=&#8220;row&#8220; use_row_as_full_screen_section=&#8220;no&#8220; type=&#8220;full_width&#8220; angled_section=&#8220;no&#8220; text_align=&#8220;center&#8220; background_image_as_pattern=&#8220;without_pattern&#8220; z_index=&#8220;&#8220;][vc_column][qode_elements_holder number_of_columns=&#8220;one_column&#8220;][qode_elements_holder_item cover=&#8220;yes&#8220; advanced_animations=&#8220;no&#8220; background_image=&#8220;851&#8243; item_padding=&#8220;180px 0 360px 0%&#8220; item_padding_480=&#8220;210px 40px 210px 40px&#8220;][vc_column_text]<\/p>\n<h3><span style=\"color: #ffffff;\">Man muss dem K\u00f6rper etwas Gutes bieten<br \/>\ndamit die Seele Lust hat, darin zu leben.<\/span><\/h3>\n<p>&nbsp;<\/p>\n<blockquote>\n<h4><span style=\"color: white;\">Winston Churchill<\/span><\/h4>\n<\/blockquote>\n<p>[\/vc_column_text][vc_empty_space height=&#8220;34px&#8220;][\/qode_elements_holder_item][\/qode_elements_holder][\/vc_column][\/vc_row][vc_row css_animation=&#8220;&#8220; row_type=&#8220;row&#8220; use_row_as_full_screen_section=&#8220;no&#8220; type=&#8220;grid&#8220; angled_section=&#8220;no&#8220; text_align=&#8220;center&#8220; background_image_as_pattern=&#8220;without_pattern&#8220; padding_bottom=&#8220;100&#8243; z_index=&#8220;&#8220;][vc_column css=&#8220;.vc_custom_1528876146159{margin-top: -13.5% !important;}&#8220;][qode_elements_holder number_of_columns=&#8220;one_column&#8220;][qode_elements_holder_item advanced_animations=&#8220;no&#8220; item_padding=&#8220;60px 110px 60px 110px&#8220; item_padding_768_1024=&#8220;60px 10px 60px 10px&#8220; item_padding_600_768=&#8220;60px 31px 60px 31px&#8220; item_padding_480_600=&#8220;60px 30px 60px 30px&#8220; item_padding_480=&#8220;60px 30px 60px 30px&#8220; custom_class=&#8220;qode-eh-with-background&#8220; background_image=&#8220;237&#8243;][vc_column_text]<\/p>\n<h3>Brauchen Sie eine Idee f\u00fcr Ihre Veranstaltung?<\/h3>\n<p>[\/vc_column_text][vc_empty_space height=&#8220;23px&#8220;][vc_single_image image=&#8220;147&#8243; img_size=&#8220;full&#8220; alignment=&#8220;center&#8220; qode_css_animation=&#8220;&#8220;][vc_empty_space height=&#8220;23px&#8220;][vc_column_text]<\/p>\n<h4>Wir unterst\u00fctzen Sie gerne bei der Planung und Durchf\u00fchrung Ihrer Veranstaltung.<\/h4>\n<p>[\/vc_column_text][vc_empty_space height=&#8220;23px&#8220;]\n\n\t<a href=\"https:\/\/nuovo.emotionevents.it\/de\/kontakte\/\" target=\"_self\" style=\"color: #ffffff\" class=\"qode-btn qode-btn-medium qode-btn-solid qode-btn-custom-hover-color qode-btn-icon qode-btn-default-hover\" data-hover-color=\"#ffffff\" >\n\t    <span class=\"qode-btn-text\">Kontaktieren Sie uns&gt;<\/span><span class=\"qode-button-v2-icon-holder\"  ><span aria-hidden=\"true\" class=\"qode_icon_font_elegant icon_mail_alt qode-button-v2-icon-holder-inner\" ><\/span><\/span>\t<\/a>\n\n[\/qode_elements_holder_item][\/qode_elements_holder][\/vc_column][\/vc_row]<\/p>\n<\/div>","protected":false},"excerpt":{"rendered":"<p>[vc_row css_animation=&#8220;&#8220; row_type=&#8220;row&#8220; use_row_as_full_screen_section=&#8220;no&#8220; type=&#8220;full_width&#8220; angled_section=&#8220;no&#8220; text_align=&#8220;left&#8220; background_image_as_pattern=&#8220;without_pattern&#8220; padding_top=&#8220;40&#8243; z_index=&#8220;&#8220;][vc_column width=&#8220;1\/2&#8243;][qode_elements_holder number_of_columns=&#8220;one_column&#8220;][qode_elements_holder_item advanced_animations=&#8220;no&#8220; item_padding=&#8220;40px 0 0 35%&#8220; item_padding_480=&#8220;0 30px 0 30px&#8220;][vc_single_image image=&#8220;538&#8243; img_size=&#8220;full&#8220; qode_css_animation=&#8220;&#8220;][\/qode_elements_holder_item][\/qode_elements_holder][\/vc_column][vc_column width=&#8220;1\/2&#8243;][vc_single_image image=&#8220;814&#8243; img_size=&#8220;full&#8220; alignment=&#8220;right&#8220; qode_css_animation=&#8220;&#8220;][\/vc_column][\/vc_row][vc_row css_animation=&#8220;&#8220; row_type=&#8220;row&#8220; use_row_as_full_screen_section=&#8220;no&#8220; type=&#8220;grid&#8220; angled_section=&#8220;no&#8220; text_align=&#8220;left&#8220; background_image_as_pattern=&#8220;without_pattern&#8220; z_index=&#8220;&#8220; padding_bottom=&#8220;40&#8243;][vc_column width=&#8220;5\/12&#8243;][\/vc_column][vc_column css=&#8220;.vc_custom_1528879560527{margin-top: -105% !important;}&#8220; offset=&#8220;vc_col-lg-7 vc_col-md-7&#8243; el_class=&#8220;qode-disable-margin&#8220;][qode_elements_holder&#8230;<\/p>\n","protected":false},"author":1,"featured_media":0,"parent":0,"menu_order":0,"comment_status":"closed","ping_status":"closed","template":"full_width.php","meta":{"footnotes":""},"class_list":["post-1253","page","type-page","status-publish","hentry"],"_links":{"self":[{"href":"https:\/\/www.emotionevents.it\/de\/wp-json\/wp\/v2\/pages\/1253","targetHints":{"allow":["GET"]}}],"collection":[{"href":"https:\/\/www.emotionevents.it\/de\/wp-json\/wp\/v2\/pages"}],"about":[{"href":"https:\/\/www.emotionevents.it\/de\/wp-json\/wp\/v2\/types\/page"}],"author":[{"embeddable":true,"href":"https:\/\/www.emotionevents.it\/de\/wp-json\/wp\/v2\/users\/1"}],"replies":[{"embeddable":true,"href":"https:\/\/www.emotionevents.it\/de\/wp-json\/wp\/v2\/comments?post=1253"}],"version-history":[{"count":0,"href":"https:\/\/www.emotionevents.it\/de\/wp-json\/wp\/v2\/pages\/1253\/revisions"}],"wp:attachment":[{"href":"https:\/\/www.emotionevents.it\/de\/wp-json\/wp\/v2\/media?parent=1253"}],"curies":[{"name":"wp","href":"https:\/\/api.w.org\/{rel}","templated":true}]}}