{"id":1270,"date":"2023-02-23T15:29:08","date_gmt":"2023-02-23T14:29:08","guid":{"rendered":"https:\/\/nuovo.emotionevents.it\/i-nostri-servizi\/matrimoni\/"},"modified":"2023-10-13T09:02:37","modified_gmt":"2023-10-13T07:02:37","slug":"hochzeiten","status":"publish","type":"page","link":"https:\/\/www.emotionevents.it\/de\/unsere-dienste\/hochzeiten\/","title":{"rendered":"Hochzeiten"},"content":{"rendered":"<div class=\"wpb-content-wrapper\"><p>[vc_row css_animation=&#8220;&#8220; row_type=&#8220;row&#8220; use_row_as_full_screen_section=&#8220;no&#8220; type=&#8220;full_width&#8220; angled_section=&#8220;no&#8220; text_align=&#8220;left&#8220; background_image_as_pattern=&#8220;without_pattern&#8220; z_index=&#8220;&#8220;][vc_column width=&#8220;1\/4&#8243;][\/vc_column][vc_column width=&#8220;1\/2&#8243; css=&#8220;.vc_custom_1695711771800{padding-right: 20px !important;padding-left: 20px !important;}&#8220;][vc_empty_space height=&#8220;50px&#8220;][vc_column_text]<\/p>\n<h4 style=\"text-align: center;\"><em>Anders, besonders, unvergesslich, unbeschwert, voller Emotionen, einfach ein Emotion Event &#8211; zum Erschaffen und Erleben.<\/em><br \/>\n&#8230;so k\u00f6nnte auch Ihre Hochzeit sein&#8230;<\/h4>\n<p>[\/vc_column_text][vc_empty_space][vc_column_text]<\/p>\n<h2 style=\"text-align: center;\"><strong><span style=\"color: #c1a186;\">Am See, im Schloss oder bei Ihnen zu Hause.<\/span><\/strong><\/h2>\n<p>[\/vc_column_text][vc_empty_space][vc_column_text]<\/p>\n<p style=\"text-align: center;\">Wir verwandeln selbst die einfachsten Orte in ein Paradies, einen Ort zum Kuscheln und Genie\u00dfen des fantastischen Tages&#8230;<\/p>\n<p>[\/vc_column_text][\/vc_column][vc_column width=&#8220;1\/4&#8243;][\/vc_column][\/vc_row][vc_row css_animation=&#8220;&#8220; row_type=&#8220;row&#8220; use_row_as_full_screen_section=&#8220;no&#8220; type=&#8220;full_width&#8220; angled_section=&#8220;no&#8220; text_align=&#8220;left&#8220; background_image_as_pattern=&#8220;without_pattern&#8220; css=&#8220;.vc_custom_1695711780487{padding-right: 20px !important;padding-left: 20px !important;}&#8220; z_index=&#8220;&#8220;][vc_column width=&#8220;1\/4&#8243;][\/vc_column][vc_column width=&#8220;1\/2&#8243;][vc_empty_space][vc_column_text]&#8230; w\u00e4hrend die ersten G\u00e4ste eintreffen, servieren wir auf h\u00f6lzernen Designtabletts kalte und warme Fingerfood- und L\u00f6ffelspezialit\u00e4ten, die scheinbar nie enden wollen. Dazu bieten wir erfrischende Aperitifs, S\u00fcdtiroler Sekt, feine Wei\u00dfweine und frische S\u00e4fte. Die G\u00e4ste sind erstaunt und begeistert. Jeder einzelne Gang ist ein Portrait unserer kreativen K\u00fcche und unserer Liebe zum Detail.<\/p>\n<p>&nbsp;<\/p>\n<p>Sobald das Brautpaar mit einem Blumenstrau\u00df begr\u00fc\u00dft wird, begeben sich die G\u00e4ste zu den sorgf\u00e4ltig eingedeckten Tischen mit St\u00fchlen mit Stuhlhussen und Beistellst\u00fchlen. Alles in elegantem Wei\u00df. Das Engagement und die Leidenschaft unserer Mitarbeiter sind sichtbar. Blumen schm\u00fccken die Tische, Kerzen versch\u00f6nern das Panorama, das sich durch die Gr\u00fcnanlagen schl\u00e4ngelt.<\/p>\n<p>Das 5-G\u00e4nge-Gourmetmen\u00fc wird von Gang zu Gang in einer magischen Kombination aus Gaumenfreude und eleganter Tellerdekoration verfeinert.<br \/>\nDas Fleisch des Hauptgangs schmilzt auf der Zunge, die frischen Kr\u00e4uter in den Kartoffeln &#8211; unvergesslich. Gem\u00fctlich in Gesellschaft n\u00e4hert sich der Abend seinem H\u00f6hepunkt. Die Braut er\u00f6ffnet das Dessertbuffet mit unz\u00e4hligen K\u00f6stlichkeiten. Fruchtspiegel in tausend Farben, verschiedene Cremes, Schokoladenmousses und viele andere feine Desserts stehen zum Probieren bereit. Kerzenflammen flackern und lassen die Augen der G\u00e4ste leuchten. Bis tief in die Nacht wird gefeiert, gelacht und getanzt. [\/vc_column_text][vc_empty_space][\/vc_column][vc_column width=&#8220;1\/4&#8243;][\/vc_column][\/vc_row][vc_row css_animation=&#8220;&#8220; row_type=&#8220;row&#8220; use_row_as_full_screen_section=&#8220;no&#8220; type=&#8220;full_width&#8220; angled_section=&#8220;no&#8220; text_align=&#8220;left&#8220; background_image_as_pattern=&#8220;without_pattern&#8220;][vc_column][vc_empty_space][vc_gallery type=&#8220;image_grid&#8220; images=&#8220;510,508,507,505,541,542&#8243; img_size=&#8220;large&#8220; column_number=&#8220;6&#8243; grayscale=&#8220;no&#8220; images_space=&#8220;gallery_without_space&#8220;][\/vc_column][\/vc_row][vc_row css_animation=&#8220;&#8220; row_type=&#8220;row&#8220; use_row_as_full_screen_section=&#8220;no&#8220; type=&#8220;full_width&#8220; angled_section=&#8220;no&#8220; text_align=&#8220;left&#8220; background_image_as_pattern=&#8220;without_pattern&#8220; css=&#8220;.vc_custom_1695711857253{padding-right: 20px !important;padding-left: 20px !important;}&#8220; z_index=&#8220;&#8220;][vc_column width=&#8220;1\/4&#8243;][\/vc_column][vc_column width=&#8220;1\/2&#8243;][vc_empty_space height=&#8220;50px&#8220;][vc_column_text]<\/p>\n<h3 style=\"text-align: center;\"><span style=\"color: #c1a186;\">Dann, um Mitternacht&#8230;<\/span><\/h3>\n<p>[\/vc_column_text][vc_column_text]<\/p>\n<h4 style=\"text-align: center;\">&#8230;Fackeln &#8230;alle folgen und finden&#8230;<\/h4>\n<p>[\/vc_column_text][vc_empty_space][vc_column_text]Verschiedene Wurstsorten, S\u00fcdtiroler K\u00e4se mit hausgemachtem Senf, Salzkartoffeln, Bauernbutter, einen reichhaltigen Korb mit verschiedenen Brotsorten. Und die Nacht erwacht zum Leben, bis in die fr\u00fchen Morgenstunden.[\/vc_column_text][vc_empty_space height=&#8220;50px&#8220;][\/vc_column][vc_column width=&#8220;1\/4&#8243;][\/vc_column][\/vc_row][vc_row css_animation=&#8220;&#8220; row_type=&#8220;row&#8220; use_row_as_full_screen_section=&#8220;no&#8220; type=&#8220;full_width&#8220; angled_section=&#8220;no&#8220; text_align=&#8220;center&#8220; background_image_as_pattern=&#8220;without_pattern&#8220; z_index=&#8220;&#8220;][vc_column][qode_elements_holder number_of_columns=&#8220;one_column&#8220;][qode_elements_holder_item cover=&#8220;yes&#8220; advanced_animations=&#8220;no&#8220; background_image=&#8220;917&#8243; item_padding=&#8220;180px 0 360px 0%&#8220; item_padding_480=&#8220;120px 20px 120px 20px&#8220;][vc_column_text]<\/p>\n<h2><span style=\"color: #ffffff;\">Die Grundlage unseres Lebens ist die Ern\u00e4hrung.<\/span><\/h2>\n<p>&nbsp;<\/p>\n<blockquote>\n<h4><span style=\"color: white;\">Johann Lafer<\/span><\/h4>\n<\/blockquote>\n<p>[\/vc_column_text][vc_empty_space height=&#8220;34px&#8220;][\/qode_elements_holder_item][\/qode_elements_holder][\/vc_column][\/vc_row][vc_row css_animation=&#8220;&#8220; row_type=&#8220;row&#8220; use_row_as_full_screen_section=&#8220;no&#8220; type=&#8220;grid&#8220; angled_section=&#8220;no&#8220; text_align=&#8220;center&#8220; background_image_as_pattern=&#8220;without_pattern&#8220; padding_bottom=&#8220;100&#8243; z_index=&#8220;&#8220;][vc_column css=&#8220;.vc_custom_1528876146159{margin-top: -13.5% !important;}&#8220;][qode_elements_holder number_of_columns=&#8220;one_column&#8220;][qode_elements_holder_item advanced_animations=&#8220;no&#8220; background_image=&#8220;184&#8243; item_padding=&#8220;60px 110px 60px 110px&#8220; item_padding_768_1024=&#8220;60px 10px 60px 10px&#8220; item_padding_600_768=&#8220;60px 31px 60px 31px&#8220; item_padding_480_600=&#8220;60px 30px 60px 30px&#8220; item_padding_480=&#8220;60px 30px 60px 30px&#8220; custom_class=&#8220;qode-eh-with-background&#8220;][vc_column_text]<\/p>\n<h2>Brauchen Sie eine Idee f\u00fcr<br \/>\nIhre Veranstaltung?<\/h2>\n<p>[\/vc_column_text][vc_empty_space height=&#8220;23px&#8220;][vc_single_image image=&#8220;147&#8243; img_size=&#8220;full&#8220; alignment=&#8220;center&#8220; qode_css_animation=&#8220;&#8220;][vc_empty_space height=&#8220;23px&#8220;][vc_column_text]<\/p>\n<h4>Wir unterst\u00fctzen Sie gerne bei der Planung und Durchf\u00fchrung Ihrer Veranstaltung.<\/h4>\n<p>[\/vc_column_text][vc_empty_space height=&#8220;23px&#8220;]\n\n\t<a href=\"https:\/\/emotionevents.emotionmedia.it\/kontakte\/\" target=\"_self\" style=\"color: #ffffff\" class=\"qode-btn qode-btn-medium qode-btn-solid qode-btn-custom-hover-color qode-btn-icon qode-btn-default-hover\" data-hover-color=\"#ffffff\" rel=\"noopener\">\n\t    <span class=\"qode-btn-text\">Kontakt uns<\/span><span class=\"qode-button-v2-icon-holder\"  ><span aria-hidden=\"true\" class=\"qode_icon_font_elegant icon_mail_alt qode-button-v2-icon-holder-inner\" ><\/span><\/span>\t<\/a>\n\n[\/qode_elements_holder_item][\/qode_elements_holder][\/vc_column][\/vc_row]<\/p>\n<\/div>","protected":false},"excerpt":{"rendered":"<p>[vc_row css_animation=&#8220;&#8220; row_type=&#8220;row&#8220; use_row_as_full_screen_section=&#8220;no&#8220; type=&#8220;full_width&#8220; angled_section=&#8220;no&#8220; text_align=&#8220;left&#8220; background_image_as_pattern=&#8220;without_pattern&#8220; z_index=&#8220;&#8220;][vc_column width=&#8220;1\/4&#8243;][\/vc_column][vc_column width=&#8220;1\/2&#8243; css=&#8220;.vc_custom_1695711771800{padding-right: 20px !important;padding-left: 20px !important;}&#8220;][vc_empty_space height=&#8220;50px&#8220;][vc_column_text] Anders, besonders, unvergesslich, unbeschwert, voller Emotionen, einfach ein Emotion Event &#8211; zum Erschaffen und Erleben. &#8230;so k\u00f6nnte auch Ihre Hochzeit sein&#8230; [\/vc_column_text][vc_empty_space][vc_column_text] Am See, im Schloss oder bei&#8230;<\/p>\n","protected":false},"author":3,"featured_media":0,"parent":1267,"menu_order":0,"comment_status":"closed","ping_status":"closed","template":"full_width.php","meta":{"footnotes":""},"class_list":["post-1270","page","type-page","status-publish","hentry"],"_links":{"self":[{"href":"https:\/\/www.emotionevents.it\/de\/wp-json\/wp\/v2\/pages\/1270","targetHints":{"allow":["GET"]}}],"collection":[{"href":"https:\/\/www.emotionevents.it\/de\/wp-json\/wp\/v2\/pages"}],"about":[{"href":"https:\/\/www.emotionevents.it\/de\/wp-json\/wp\/v2\/types\/page"}],"author":[{"embeddable":true,"href":"https:\/\/www.emotionevents.it\/de\/wp-json\/wp\/v2\/users\/3"}],"replies":[{"embeddable":true,"href":"https:\/\/www.emotionevents.it\/de\/wp-json\/wp\/v2\/comments?post=1270"}],"version-history":[{"count":0,"href":"https:\/\/www.emotionevents.it\/de\/wp-json\/wp\/v2\/pages\/1270\/revisions"}],"up":[{"embeddable":true,"href":"https:\/\/www.emotionevents.it\/de\/wp-json\/wp\/v2\/pages\/1267"}],"wp:attachment":[{"href":"https:\/\/www.emotionevents.it\/de\/wp-json\/wp\/v2\/media?parent=1270"}],"curies":[{"name":"wp","href":"https:\/\/api.w.org\/{rel}","templated":true}]}}