{"id":1275,"date":"2023-02-28T14:25:42","date_gmt":"2023-02-28T13:25:42","guid":{"rendered":"https:\/\/nuovo.emotionevents.it\/i-nostri-servizi\/cene-aziendali\/"},"modified":"2023-10-13T09:01:31","modified_gmt":"2023-10-13T07:01:31","slug":"firmenessen","status":"publish","type":"page","link":"https:\/\/www.emotionevents.it\/de\/unsere-dienste\/firmenessen\/","title":{"rendered":"Firmenessen"},"content":{"rendered":"<div class=\"wpb-content-wrapper\"><p>[vc_row css_animation=&#8220;&#8220; row_type=&#8220;row&#8220; use_row_as_full_screen_section=&#8220;no&#8220; type=&#8220;full_width&#8220; angled_section=&#8220;no&#8220; text_align=&#8220;left&#8220; background_image_as_pattern=&#8220;without_pattern&#8220; z_index=&#8220;&#8220;][vc_column width=&#8220;1\/4&#8243;][\/vc_column][vc_column width=&#8220;1\/2&#8243; css=&#8220;.vc_custom_1695712223618{padding-right: 20px !important;padding-left: 20px !important;}&#8220;][vc_empty_space height=&#8220;50px&#8220;][vc_column_text]<\/p>\n<h4 style=\"text-align: center;\"><em>Bei einem guten Essen und in einer entspannten Atmosph\u00e4re,<br \/>\nf\u00e4llt der Dialog leichter <\/em><\/h4>\n<p>[\/vc_column_text][vc_empty_space][vc_column_text]<\/p>\n<h2 style=\"text-align: center;\"><strong><span style=\"color: #c1a186;\">Verw\u00f6hnen Sie Ihre Mitarbeiter ein<br \/>\nEmotion Event<\/span><\/strong><\/h2>\n<p>[\/vc_column_text][\/vc_column][vc_column width=&#8220;1\/4&#8243;][\/vc_column][\/vc_row][vc_row css_animation=&#8220;&#8220; row_type=&#8220;row&#8220; use_row_as_full_screen_section=&#8220;no&#8220; type=&#8220;full_width&#8220; angled_section=&#8220;no&#8220; text_align=&#8220;left&#8220; background_image_as_pattern=&#8220;without_pattern&#8220; css=&#8220;.vc_custom_1695712230288{padding-right: 20px !important;padding-left: 20px !important;}&#8220; z_index=&#8220;&#8220;][vc_column width=&#8220;1\/4&#8243;][\/vc_column][vc_column width=&#8220;1\/2&#8243;][vc_empty_space][vc_column_text]Warum ist das f\u00fcr Ihre Mitarbeiter wichtig? Weil eine gem\u00fctliche Arbeitsatmosph\u00e4re, gemeinsame Aktivit\u00e4ten und Erlebnisse das Team zusammenschwei\u00dfen und die Leistung steigern. Sie st\u00e4rken das Zugeh\u00f6rigkeitsgef\u00fchl zur Gruppe, was sich sowohl innerhalb des Unternehmens als auch in der Au\u00dfendarstellung bemerkbar macht.<br \/>\nWir planen Ihr Firmenessen nat\u00fcrlich nach Ihren Vorstellungen und Ihrem Konzept, bieten die richtige Location f\u00fcr die Veranstaltung, feine K\u00fcche und auf Wunsch auch passende Unterhaltung in einer Atmosph\u00e4re ohne Leistungsangst und Hektik. [\/vc_column_text][vc_empty_space][\/vc_column][vc_column width=&#8220;1\/4&#8243;][\/vc_column][\/vc_row][vc_row css_animation=&#8220;&#8220; row_type=&#8220;row&#8220; use_row_as_full_screen_section=&#8220;no&#8220; type=&#8220;full_width&#8220; angled_section=&#8220;no&#8220; text_align=&#8220;left&#8220; background_image_as_pattern=&#8220;without_pattern&#8220;][vc_column][vc_empty_space][vc_gallery type=&#8220;image_grid&#8220; images=&#8220;1113,1115,1117,903&#8243; img_size=&#8220;large&#8220; column_number=&#8220;4&#8243; grayscale=&#8220;no&#8220; images_space=&#8220;gallery_without_space&#8220;][\/vc_column][\/vc_row][vc_row css_animation=&#8220;&#8220; row_type=&#8220;row&#8220; use_row_as_full_screen_section=&#8220;no&#8220; type=&#8220;full_width&#8220; angled_section=&#8220;no&#8220; text_align=&#8220;left&#8220; background_image_as_pattern=&#8220;without_pattern&#8220; css=&#8220;.vc_custom_1695712238897{padding-right: 20px !important;padding-left: 20px !important;}&#8220; z_index=&#8220;&#8220;][vc_column width=&#8220;1\/4&#8243;][\/vc_column][vc_column width=&#8220;1\/2&#8243;][vc_empty_space height=&#8220;50px&#8220;][vc_column_text]<\/p>\n<h3 style=\"text-align: center;\"><span style=\"color: #c1a186;\">Alte Kontakte vertiefen, neue kn\u00fcpfen<\/span><\/h3>\n<p>[\/vc_column_text][vc_empty_space height=&#8220;50px&#8220;][vc_column_text]<\/p>\n<h4 style=\"text-align: center;\">Ideen austauschen, Spa\u00df haben, feiern und die Atmosph\u00e4re genie\u00dfen<\/h4>\n<p>[\/vc_column_text][vc_empty_space][vc_column_text]Das w\u00fcnschen sich im Grunde alle, vom Firmenchef bis zur Sekret\u00e4rin. Aber es ist die Harmonie der Details, die es m\u00f6glich macht.<br \/>\nUnd wir denken an alles. [\/vc_column_text][vc_empty_space height=&#8220;50px&#8220;][\/vc_column][vc_column width=&#8220;1\/4&#8243;][\/vc_column][\/vc_row][vc_row css_animation=&#8220;&#8220; row_type=&#8220;row&#8220; use_row_as_full_screen_section=&#8220;no&#8220; type=&#8220;full_width&#8220; angled_section=&#8220;no&#8220; text_align=&#8220;center&#8220; background_image_as_pattern=&#8220;without_pattern&#8220; z_index=&#8220;&#8220;][vc_column][qode_elements_holder number_of_columns=&#8220;one_column&#8220;][qode_elements_holder_item cover=&#8220;yes&#8220; advanced_animations=&#8220;no&#8220; background_image=&#8220;851&#8243; item_padding=&#8220;180px 0 360px 0%&#8220; item_padding_480=&#8220;120px 20px 120px 20px&#8220;][vc_column_text]<\/p>\n<h2><span style=\"color: #ffffff;\">Die Grundlage unseres Lebens ist die Ern\u00e4hrung.<\/span><\/h2>\n<p>&nbsp;<\/p>\n<blockquote>\n<h4><span style=\"color: white;\">Johann Lafer<\/span><\/h4>\n<\/blockquote>\n<p>[\/vc_column_text][vc_empty_space height=&#8220;34px&#8220;][\/qode_elements_holder_item][\/qode_elements_holder][\/vc_column][\/vc_row][vc_row css_animation=&#8220;&#8220; row_type=&#8220;row&#8220; use_row_as_full_screen_section=&#8220;no&#8220; type=&#8220;grid&#8220; angled_section=&#8220;no&#8220; text_align=&#8220;center&#8220; background_image_as_pattern=&#8220;without_pattern&#8220; padding_bottom=&#8220;100&#8243; z_index=&#8220;&#8220;][vc_column css=&#8220;.vc_custom_1528876146159{margin-top: -13.5% !important;}&#8220;][qode_elements_holder number_of_columns=&#8220;one_column&#8220;][qode_elements_holder_item advanced_animations=&#8220;no&#8220; background_image=&#8220;184&#8243; item_padding=&#8220;60px 110px 60px 110px&#8220; item_padding_768_1024=&#8220;60px 10px 60px 10px&#8220; item_padding_600_768=&#8220;60px 31px 60px 31px&#8220; item_padding_480_600=&#8220;60px 30px 60px 30px&#8220; item_padding_480=&#8220;60px 30px 60px 30px&#8220; custom_class=&#8220;qode-eh-with-background&#8220;][vc_column_text]<\/p>\n<h2>Brauchen Sie eine Idee f\u00fcr<br \/>\nIhre Veranstaltung?<\/h2>\n<p>[\/vc_column_text][vc_empty_space height=&#8220;23px&#8220;][vc_single_image image=&#8220;147&#8243; img_size=&#8220;full&#8220; alignment=&#8220;center&#8220; qode_css_animation=&#8220;&#8220;][vc_empty_space height=&#8220;23px&#8220;][vc_column_text]<\/p>\n<h4>Wir unterst\u00fctzen Sie gerne bei der Planung und Durchf\u00fchrung Ihrer Veranstaltung.<\/h4>\n<p>[\/vc_column_text][vc_empty_space height=&#8220;23px&#8220;]\n\n\t<a href=\"https:\/\/emotionevents.emotionmedia.it\/kontakte\/\" target=\"_self\" style=\"color: #ffffff\" class=\"qode-btn qode-btn-medium qode-btn-solid qode-btn-custom-hover-color qode-btn-icon qode-btn-default-hover\" data-hover-color=\"#ffffff\" rel=\"noopener\">\n\t    <span class=\"qode-btn-text\">Kontakt uns<\/span><span class=\"qode-button-v2-icon-holder\"  ><span aria-hidden=\"true\" class=\"qode_icon_font_elegant icon_mail_alt qode-button-v2-icon-holder-inner\" ><\/span><\/span>\t<\/a>\n\n[\/qode_elements_holder_item][\/qode_elements_holder][\/vc_column][\/vc_row]<\/p>\n<\/div>","protected":false},"excerpt":{"rendered":"<p>[vc_row css_animation=&#8220;&#8220; row_type=&#8220;row&#8220; use_row_as_full_screen_section=&#8220;no&#8220; type=&#8220;full_width&#8220; angled_section=&#8220;no&#8220; text_align=&#8220;left&#8220; background_image_as_pattern=&#8220;without_pattern&#8220; z_index=&#8220;&#8220;][vc_column width=&#8220;1\/4&#8243;][\/vc_column][vc_column width=&#8220;1\/2&#8243; css=&#8220;.vc_custom_1695712223618{padding-right: 20px !important;padding-left: 20px !important;}&#8220;][vc_empty_space height=&#8220;50px&#8220;][vc_column_text] Bei einem guten Essen und in einer entspannten Atmosph\u00e4re, f\u00e4llt der Dialog leichter [\/vc_column_text][vc_empty_space][vc_column_text] Verw\u00f6hnen Sie Ihre Mitarbeiter ein Emotion Event [\/vc_column_text][\/vc_column][vc_column width=&#8220;1\/4&#8243;][\/vc_column][\/vc_row][vc_row css_animation=&#8220;&#8220; row_type=&#8220;row&#8220; use_row_as_full_screen_section=&#8220;no&#8220; type=&#8220;full_width&#8220; angled_section=&#8220;no&#8220;&#8230;<\/p>\n","protected":false},"author":3,"featured_media":0,"parent":1267,"menu_order":0,"comment_status":"closed","ping_status":"closed","template":"full_width.php","meta":{"footnotes":""},"class_list":["post-1275","page","type-page","status-publish","hentry"],"_links":{"self":[{"href":"https:\/\/www.emotionevents.it\/de\/wp-json\/wp\/v2\/pages\/1275","targetHints":{"allow":["GET"]}}],"collection":[{"href":"https:\/\/www.emotionevents.it\/de\/wp-json\/wp\/v2\/pages"}],"about":[{"href":"https:\/\/www.emotionevents.it\/de\/wp-json\/wp\/v2\/types\/page"}],"author":[{"embeddable":true,"href":"https:\/\/www.emotionevents.it\/de\/wp-json\/wp\/v2\/users\/3"}],"replies":[{"embeddable":true,"href":"https:\/\/www.emotionevents.it\/de\/wp-json\/wp\/v2\/comments?post=1275"}],"version-history":[{"count":0,"href":"https:\/\/www.emotionevents.it\/de\/wp-json\/wp\/v2\/pages\/1275\/revisions"}],"up":[{"embeddable":true,"href":"https:\/\/www.emotionevents.it\/de\/wp-json\/wp\/v2\/pages\/1267"}],"wp:attachment":[{"href":"https:\/\/www.emotionevents.it\/de\/wp-json\/wp\/v2\/media?parent=1275"}],"curies":[{"name":"wp","href":"https:\/\/api.w.org\/{rel}","templated":true}]}}