{"id":1537,"date":"2023-12-01T09:42:36","date_gmt":"2023-12-01T08:42:36","guid":{"rendered":"https:\/\/www.emotionevents.it\/?page_id=1537"},"modified":"2023-12-01T09:42:36","modified_gmt":"2023-12-01T08:42:36","slug":"hochzeiten-in-italien","status":"publish","type":"page","link":"https:\/\/www.emotionevents.it\/de\/unsere-dienste\/hochzeiten-in-italien\/","title":{"rendered":"Hochzeiten in Italien"},"content":{"rendered":"<div class=\"wpb-content-wrapper\"><p>[vc_row css_animation=&#8220;&#8220; row_type=&#8220;row&#8220; use_row_as_full_screen_section=&#8220;no&#8220; type=&#8220;full_width&#8220; angled_section=&#8220;no&#8220; text_align=&#8220;left&#8220; background_image_as_pattern=&#8220;without_pattern&#8220; z_index=&#8220;&#8220;][vc_column width=&#8220;1\/4&#8243;][\/vc_column][vc_column width=&#8220;1\/2&#8243; css=&#8220;.vc_custom_1695711771800{padding-right: 20px !important;padding-left: 20px !important;}&#8220;][vc_empty_space height=&#8220;50px&#8220;][vc_column_text]<\/p>\n<h2 style=\"text-align: center;\"><span class=\"TextRun SCXW217923981 BCX8\" lang=\"IT-IT\" xml:lang=\"IT-IT\" data-contrast=\"auto\"><span class=\"NormalTextRun SpellingErrorV2Themed SCXW217923981 BCX8\">Ihr<\/span><span class=\"NormalTextRun SCXW217923981 BCX8\"> Partner <\/span><span class=\"NormalTextRun SpellingErrorV2Themed SCXW217923981 BCX8\">f\u00fcr<\/span> <span class=\"NormalTextRun SpellingErrorV2Themed SCXW217923981 BCX8\">Ihre<\/span> <span class=\"NormalTextRun SpellingErrorV2Themed SCXW217923981 BCX8\">Hochzeit<\/span><span class=\"NormalTextRun SCXW217923981 BCX8\"> in <\/span><span class=\"NormalTextRun SpellingErrorV2Themed SCXW217923981 BCX8\">Italien<\/span><span class=\"NormalTextRun SCXW217923981 BCX8\"> in <\/span><span class=\"NormalTextRun SpellingErrorV2Themed SCXW217923981 BCX8\">den<\/span> <span class=\"NormalTextRun SpellingErrorV2Themed SCXW217923981 BCX8\">S\u00fcdtiroler<\/span><span class=\"NormalTextRun SCXW217923981 BCX8\"> Bergen<\/span><\/span><span class=\"EOP SCXW217923981 BCX8\" data-ccp-props=\"{&quot;201341983&quot;:0,&quot;335551550&quot;:0,&quot;335551620&quot;:0,&quot;335559739&quot;:160,&quot;335559740&quot;:259}\">\u00a0<\/span><\/h2>\n<p>[\/vc_column_text][vc_empty_space][\/vc_column][vc_column width=&#8220;1\/4&#8243;][\/vc_column][\/vc_row][vc_row css_animation=&#8220;&#8220; row_type=&#8220;row&#8220; use_row_as_full_screen_section=&#8220;no&#8220; type=&#8220;full_width&#8220; angled_section=&#8220;no&#8220; text_align=&#8220;left&#8220; background_image_as_pattern=&#8220;without_pattern&#8220; css=&#8220;.vc_custom_1695711780487{padding-right: 20px !important;padding-left: 20px !important;}&#8220; z_index=&#8220;&#8220;][vc_column width=&#8220;1\/4&#8243;][\/vc_column][vc_column width=&#8220;1\/2&#8243;][vc_empty_space][vc_column_text]Willkommen bei Emotion Events, Ihrer Wahl f\u00fcr eine unvergessliche Hochzeit in Italien, mit besonderem Fokus auf die zauberhafte Region S\u00fcdtirol. Tr\u00e4umen Sie davon, Ihre Liebe in einer atemberaubenden Landschaft zu feiern? Wir sind hier, um jeden Aspekt Ihres besonderen Tages Wirklichkeit werden zu lassen.<\/p>\n<p>&nbsp;<\/p>\n<p>Italien ist ein Land voller Sch\u00f6nheit und Charme, und S\u00fcdtirol ist ein bezauberndes Juwel. Hier bei Emotion Events engagieren wir uns, Hochzeiten zu gestalten, die eine authentische Reflexion Ihrer Vision sind. Von den Gipfeln der Berge bis zu den \u00fcppigen T\u00e4lern wird jeder Ort zur perfekten B\u00fchne, um Ihre Liebe zu feiern.<\/p>\n<p>Unser erfahrenes Team k\u00fcmmert sich um jedes Detail, von der Auswahl der perfekten Location bis zur Betreuung des Caterings, um Ihnen einen stressfreien und unvergesslichen Tag zu garantieren. Unser Catering ist unser Highlight: Wir bieten eine erstklassige kulinarische Erfahrung, die die italienischen und lokalen K\u00f6stlichkeiten S\u00fcdtirols zelebriert. Von authentischen gastronomischen Traditionen bis zu modernen Gourmet-Kreationen erstellen wir ma\u00dfgeschneiderte Men\u00fcs, die Ihren W\u00fcnschen entsprechen und Ihre G\u00e4ste begeistern werden.<\/p>\n<p>Wir sind hier, um Ihre Tr\u00e4ume Wirklichkeit werden zu lassen, und kreieren eine unvergessliche Hochzeit in Italien. Kontaktieren Sie Emotion Events noch heute und beginnen Sie die Reise zu Ihrem perfekten Tag. Lassen Sie die Magie S\u00fcdtirols sich mit Ihrer Liebe vereinen, um eine Hochzeit zu erschaffen, die alle Erwartungen \u00fcbertrifft.<\/p>\n<p>W\u00e4hlen Sie Emotion Events f\u00fcr Ihre Hochzeit in Italien und genie\u00dfen Sie ein au\u00dfergew\u00f6hnliches Abenteuer voller Liebe, Emotionen und einem ausgezeichneten Catering, das den H\u00f6hepunkt Ihrer Feier bildet.[\/vc_column_text][vc_empty_space][\/vc_column][vc_column width=&#8220;1\/4&#8243;][\/vc_column][\/vc_row][vc_row css_animation=&#8220;&#8220; row_type=&#8220;row&#8220; use_row_as_full_screen_section=&#8220;no&#8220; type=&#8220;full_width&#8220; angled_section=&#8220;no&#8220; text_align=&#8220;left&#8220; background_image_as_pattern=&#8220;without_pattern&#8220;][vc_column][vc_empty_space][vc_gallery type=&#8220;image_grid&#8220; images=&#8220;510,1229,1213,1225,1148,1165&#8243; img_size=&#8220;large&#8220; column_number=&#8220;6&#8243; grayscale=&#8220;no&#8220; images_space=&#8220;gallery_without_space&#8220;][\/vc_column][\/vc_row][vc_row css_animation=&#8220;&#8220; row_type=&#8220;row&#8220; use_row_as_full_screen_section=&#8220;no&#8220; type=&#8220;full_width&#8220; angled_section=&#8220;no&#8220; text_align=&#8220;left&#8220; background_image_as_pattern=&#8220;without_pattern&#8220; css=&#8220;.vc_custom_1695711857253{padding-right: 20px !important;padding-left: 20px !important;}&#8220; z_index=&#8220;&#8220;][vc_column width=&#8220;1\/4&#8243;][\/vc_column][vc_column width=&#8220;1\/2&#8243;][vc_empty_space][\/vc_column][vc_column width=&#8220;1\/4&#8243;][\/vc_column][\/vc_row][vc_row css_animation=&#8220;&#8220; row_type=&#8220;row&#8220; use_row_as_full_screen_section=&#8220;no&#8220; type=&#8220;full_width&#8220; angled_section=&#8220;no&#8220; text_align=&#8220;center&#8220; background_image_as_pattern=&#8220;without_pattern&#8220; z_index=&#8220;&#8220;][vc_column][qode_elements_holder number_of_columns=&#8220;one_column&#8220;][qode_elements_holder_item cover=&#8220;yes&#8220; advanced_animations=&#8220;no&#8220; background_image=&#8220;917&#8243; item_padding=&#8220;180px 0 360px 0%&#8220; item_padding_480=&#8220;120px 20px 120px 20px&#8220;][vc_column_text]<\/p>\n<h2><span style=\"color: #ffffff;\">Die Grundlage unseres Lebens ist die Ern\u00e4hrung.<\/span><\/h2>\n<p>&nbsp;<\/p>\n<blockquote>\n<h4><span style=\"color: white;\">Johann Lafer<\/span><\/h4>\n<\/blockquote>\n<p>[\/vc_column_text][vc_empty_space height=&#8220;34px&#8220;][\/qode_elements_holder_item][\/qode_elements_holder][\/vc_column][\/vc_row][vc_row css_animation=&#8220;&#8220; row_type=&#8220;row&#8220; use_row_as_full_screen_section=&#8220;no&#8220; type=&#8220;grid&#8220; angled_section=&#8220;no&#8220; text_align=&#8220;center&#8220; background_image_as_pattern=&#8220;without_pattern&#8220; padding_bottom=&#8220;100&#8243; z_index=&#8220;&#8220;][vc_column css=&#8220;.vc_custom_1528876146159{margin-top: -13.5% !important;}&#8220;][qode_elements_holder number_of_columns=&#8220;one_column&#8220;][qode_elements_holder_item advanced_animations=&#8220;no&#8220; background_image=&#8220;184&#8243; item_padding=&#8220;60px 110px 60px 110px&#8220; item_padding_768_1024=&#8220;60px 10px 60px 10px&#8220; item_padding_600_768=&#8220;60px 31px 60px 31px&#8220; item_padding_480_600=&#8220;60px 30px 60px 30px&#8220; item_padding_480=&#8220;60px 30px 60px 30px&#8220; custom_class=&#8220;qode-eh-with-background&#8220;][vc_column_text]<\/p>\n<h3>Sie brauchen eine Idee f\u00fcr Ihre Veranstaltung?<\/h3>\n<p>[\/vc_column_text][vc_empty_space height=&#8220;23px&#8220;][vc_single_image image=&#8220;147&#8243; img_size=&#8220;full&#8220; alignment=&#8220;center&#8220; qode_css_animation=&#8220;&#8220;][vc_empty_space height=&#8220;23px&#8220;][vc_column_text]<\/p>\n<h4>Wir unterst\u00fctzen Sie gerne bei der Planung und Durchf\u00fchrung Ihrer Veranstaltung.<\/h4>\n<p>[\/vc_column_text][vc_empty_space height=&#8220;23px&#8220;]\n\n\t<a href=\"\/de\/kontakte\/\" target=\"_self\" style=\"color: #ffffff\" class=\"qode-btn qode-btn-medium qode-btn-solid qode-btn-custom-hover-color qode-btn-icon qode-btn-default-hover\" data-hover-color=\"#ffffff\" >\n\t    <span class=\"qode-btn-text\">Kontakt<\/span><span class=\"qode-button-v2-icon-holder\"  ><span aria-hidden=\"true\" class=\"qode_icon_font_elegant icon_mail_alt qode-button-v2-icon-holder-inner\" ><\/span><\/span>\t<\/a>\n\n[\/qode_elements_holder_item][\/qode_elements_holder][\/vc_column][\/vc_row]<\/p>\n<\/div>","protected":false},"excerpt":{"rendered":"<p>[vc_row css_animation=&#8220;&#8220; row_type=&#8220;row&#8220; use_row_as_full_screen_section=&#8220;no&#8220; type=&#8220;full_width&#8220; angled_section=&#8220;no&#8220; text_align=&#8220;left&#8220; background_image_as_pattern=&#8220;without_pattern&#8220; z_index=&#8220;&#8220;][vc_column width=&#8220;1\/4&#8243;][\/vc_column][vc_column width=&#8220;1\/2&#8243; css=&#8220;.vc_custom_1695711771800{padding-right: 20px !important;padding-left: 20px !important;}&#8220;][vc_empty_space height=&#8220;50px&#8220;][vc_column_text] Ihr Partner f\u00fcr Ihre Hochzeit in Italien in den S\u00fcdtiroler Bergen\u00a0 [\/vc_column_text][vc_empty_space][\/vc_column][vc_column width=&#8220;1\/4&#8243;][\/vc_column][\/vc_row][vc_row css_animation=&#8220;&#8220; row_type=&#8220;row&#8220; use_row_as_full_screen_section=&#8220;no&#8220; type=&#8220;full_width&#8220; angled_section=&#8220;no&#8220; text_align=&#8220;left&#8220; background_image_as_pattern=&#8220;without_pattern&#8220; css=&#8220;.vc_custom_1695711780487{padding-right: 20px !important;padding-left: 20px !important;}&#8220; z_index=&#8220;&#8220;][vc_column width=&#8220;1\/4&#8243;][\/vc_column][vc_column width=&#8220;1\/2&#8243;][vc_empty_space][vc_column_text]Willkommen&#8230;<\/p>\n","protected":false},"author":3,"featured_media":0,"parent":1267,"menu_order":0,"comment_status":"closed","ping_status":"closed","template":"full_width.php","meta":{"footnotes":""},"class_list":["post-1537","page","type-page","status-publish","hentry"],"_links":{"self":[{"href":"https:\/\/www.emotionevents.it\/de\/wp-json\/wp\/v2\/pages\/1537","targetHints":{"allow":["GET"]}}],"collection":[{"href":"https:\/\/www.emotionevents.it\/de\/wp-json\/wp\/v2\/pages"}],"about":[{"href":"https:\/\/www.emotionevents.it\/de\/wp-json\/wp\/v2\/types\/page"}],"author":[{"embeddable":true,"href":"https:\/\/www.emotionevents.it\/de\/wp-json\/wp\/v2\/users\/3"}],"replies":[{"embeddable":true,"href":"https:\/\/www.emotionevents.it\/de\/wp-json\/wp\/v2\/comments?post=1537"}],"version-history":[{"count":0,"href":"https:\/\/www.emotionevents.it\/de\/wp-json\/wp\/v2\/pages\/1537\/revisions"}],"up":[{"embeddable":true,"href":"https:\/\/www.emotionevents.it\/de\/wp-json\/wp\/v2\/pages\/1267"}],"wp:attachment":[{"href":"https:\/\/www.emotionevents.it\/de\/wp-json\/wp\/v2\/media?parent=1537"}],"curies":[{"name":"wp","href":"https:\/\/api.w.org\/{rel}","templated":true}]}}